{"id":854,"date":"2025-08-29T18:30:41","date_gmt":"2025-08-29T18:30:41","guid":{"rendered":"https:\/\/nasaladochief.com\/?page_id=854"},"modified":"2025-10-27T20:29:55","modified_gmt":"2025-10-27T23:29:55","slug":"csa-global","status":"publish","type":"page","link":"https:\/\/nasaladochief.com\/es\/csa-global\/","title":{"rendered":"CSA Global"},"content":{"rendered":"<div data-elementor-type=\"wp-page\" data-elementor-id=\"854\" class=\"elementor elementor-854\" data-elementor-post-type=\"page\">\n\t\t\t\t<div class=\"elementor-element elementor-element-cb47d5a e-flex e-con-boxed e-con e-parent\" data-id=\"cb47d5a\" data-element_type=\"container\" data-e-type=\"container\" data-settings=\"{&quot;background_background&quot;:&quot;classic&quot;}\">\n\t\t\t\t\t<div class=\"e-con-inner\">\n\t\t\t\t<div class=\"elementor-element elementor-element-166dd9b elementor-widget elementor-widget-heading\" data-id=\"166dd9b\" data-element_type=\"widget\" data-e-type=\"widget\" data-widget_type=\"heading.default\">\n\t\t\t\t<div class=\"elementor-widget-container\">\n\t\t\t\t\t<h2 class=\"elementor-heading-title elementor-size-default\">Qu\u00e9 es la CSA Global<\/h2>\t\t\t\t<\/div>\n\t\t\t\t<\/div>\n\t\t\t\t<div class=\"elementor-element elementor-element-ef951b1 elementor-widget elementor-widget-text-editor\" data-id=\"ef951b1\" data-element_type=\"widget\" data-e-type=\"widget\" data-widget_type=\"text-editor.default\">\n\t\t\t\t<div class=\"elementor-widget-container\">\n\t\t\t\t\t\t\t\t\t<p><strong>La CSA (Chief of Staff Association)<\/strong> es la principal comunidad global de ejecutivos C-Level y Chiefs of Staff comprometidos con la excelencia en liderazgo y gesti\u00f3n estrat\u00e9gica. A trav\u00e9s de una educaci\u00f3n de clase mundial, acompa\u00f1amiento activo y programas reconocidos internacionalmente, la CSA promueve el desarrollo profesional continuo de sus miembros. M\u00e1s que una red de networking, la CSA construye conexiones profundas y duraderas. Nuestra comunidad es un verdadero ecosistema de apoyo mutuo, colaboraci\u00f3n y crecimiento \u2014 uniendo a l\u00edderes influyentes en un entorno de confianza, \u00e9tica y alto rendimiento.<\/p>\t\t\t\t\t\t\t\t<\/div>\n\t\t\t\t<\/div>\n\t\t\t\t\t<\/div>\n\t\t\t\t<\/div>\n\t\t<div class=\"elementor-element elementor-element-6c7e7d2 e-flex e-con-boxed e-con e-parent\" data-id=\"6c7e7d2\" data-element_type=\"container\" data-e-type=\"container\" data-settings=\"{&quot;background_background&quot;:&quot;classic&quot;}\">\n\t\t\t\t\t<div class=\"e-con-inner\">\n\t\t<div class=\"elementor-element elementor-element-b05a5c8 e-con-full e-flex e-con e-child\" data-id=\"b05a5c8\" data-element_type=\"container\" data-e-type=\"container\" data-settings=\"{&quot;background_background&quot;:&quot;classic&quot;}\">\n\t\t\t\t<div class=\"elementor-element elementor-element-11d619b elementor-widget elementor-widget-heading\" data-id=\"11d619b\" data-element_type=\"widget\" data-e-type=\"widget\" data-widget_type=\"heading.default\">\n\t\t\t\t<div class=\"elementor-widget-container\">\n\t\t\t\t\t<h2 class=\"elementor-heading-title elementor-size-default\">CSA en el mundo<\/h2>\t\t\t\t<\/div>\n\t\t\t\t<\/div>\n\t\t\t\t<div class=\"elementor-element elementor-element-51a04b5 elementor-widget elementor-widget-text-editor\" data-id=\"51a04b5\" data-element_type=\"widget\" data-e-type=\"widget\" data-widget_type=\"text-editor.default\">\n\t\t\t\t<div class=\"elementor-widget-container\">\n\t\t\t\t\t\t\t\t\t<p><br \/>Con el paso de los a\u00f1os, el movimiento <strong>Chief of Staff<\/strong> se ha extendido por todo el mundo, cruzando fronteras y culturas. Lo que comenz\u00f3 como una funci\u00f3n estrat\u00e9gica reservada a unos pocos, hoy florece en empresas globales que ven en la figura del <strong>CoS<\/strong> a un verdadero guardi\u00e1n de la visi\u00f3n y la ejecuci\u00f3n. La CSA <strong>(Chief of Staff Association)<\/strong> se ha convertido en el v\u00ednculo de esta comunidad internacional, conectando a profesionales de diferentes pa\u00edses que comparten un mismo prop\u00f3sito: transformar el liderazgo en impacto. En cada rinc\u00f3n del mundo hay un Chief ayudando a construir puentes, alinear sue\u00f1os y hacer que las organizaciones sean m\u00e1s humanas, eficientes y visionarias.<\/p>\t\t\t\t\t\t\t\t<\/div>\n\t\t\t\t<\/div>\n\t\t\t\t<\/div>\n\t\t<div class=\"elementor-element elementor-element-f5abdc5 e-con-full e-flex e-con e-child\" data-id=\"f5abdc5\" data-element_type=\"container\" data-e-type=\"container\">\n\t\t\t\t<\/div>\n\t\t\t\t\t<\/div>\n\t\t\t\t<\/div>\n\t\t<div class=\"elementor-element elementor-element-fbdf3df e-con-full e-flex e-con e-parent\" data-id=\"fbdf3df\" data-element_type=\"container\" data-e-type=\"container\">\n\t\t\t\t<div class=\"elementor-element elementor-element-a4f8821 elementor-widget elementor-widget-shortcode\" data-id=\"a4f8821\" data-element_type=\"widget\" data-e-type=\"widget\" data-widget_type=\"shortcode.default\">\n\t\t\t\t<div class=\"elementor-widget-container\">\n\t\t\t\t\t\t\t<div class=\"elementor-shortcode\">\t\t<div data-elementor-type=\"container\" data-elementor-id=\"1169\" class=\"elementor elementor-1169\" data-elementor-post-type=\"elementor_library\">\n\t\t\t\t<div class=\"elementor-element elementor-element-a7d75e8 e-flex e-con-boxed e-con e-parent\" data-id=\"a7d75e8\" data-element_type=\"container\" data-e-type=\"container\" data-settings=\"{&quot;background_background&quot;:&quot;classic&quot;}\">\n\t\t\t\t\t<div class=\"e-con-inner\">\n\t\t<div class=\"elementor-element elementor-element-85aa3b7 e-con-full e-flex e-con e-child\" data-id=\"85aa3b7\" data-element_type=\"container\" data-e-type=\"container\" data-settings=\"{&quot;background_background&quot;:&quot;classic&quot;}\">\n\t\t<div class=\"elementor-element elementor-element-833d5f3 e-con-full e-flex e-con e-child\" data-id=\"833d5f3\" data-element_type=\"container\" data-e-type=\"container\">\n\t\t\t\t<div class=\"elementor-element elementor-element-7326d4e elementor-widget elementor-widget-heading\" data-id=\"7326d4e\" data-element_type=\"widget\" data-e-type=\"widget\" data-widget_type=\"heading.default\">\n\t\t\t\t<div class=\"elementor-widget-container\">\n\t\t\t\t\t<h2 class=\"elementor-heading-title elementor-size-default translation-block\">Mantente al tanto de<br>\nNuestra Comunidad<\/h2>\t\t\t\t<\/div>\n\t\t\t\t<\/div>\n\t\t\t\t<div class=\"elementor-element elementor-element-f6de460 elementor-widget elementor-widget-text-editor\" data-id=\"f6de460\" data-element_type=\"widget\" data-e-type=\"widget\" data-widget_type=\"text-editor.default\">\n\t\t\t\t<div class=\"elementor-widget-container\">\n\t\t\t\t\t\t\t\t\t<p>Reg\u00edstrate para recibir nuestros contenidos y ayuda a ampliar nuestra comunidad de Chiefs of Staffs.<\/p>\t\t\t\t\t\t\t\t<\/div>\n\t\t\t\t<\/div>\n\t\t\t\t<div class=\"elementor-element elementor-element-1198972 elementor-widget elementor-widget-text-editor\" data-id=\"1198972\" data-element_type=\"widget\" data-e-type=\"widget\" data-widget_type=\"text-editor.default\">\n\t\t\t\t<div class=\"elementor-widget-container\">\n\t\t\t\t\t\t\t\t\t<p>Nuestra comunidad fue creada para conectar a profesionales que est\u00e1n en la primera l\u00ednea de la estrategia y la ejecuci\u00f3n. Aqu\u00ed encontrar\u00e1s contenidos exclusivos, intercambio de experiencias y un espacio para ampliar tu red con otros Chiefs of Staffs. S\u00e9 parte de esta red y fortalece tu trayectoria profesional.<\/p>\t\t\t\t\t\t\t\t<\/div>\n\t\t\t\t<\/div>\n\t\t\t\t<div class=\"elementor-element elementor-element-f9a8623 elementor-align-left elementor-mobile-align-center elementor-hidden-mobile elementor-widget elementor-widget-button\" data-id=\"f9a8623\" data-element_type=\"widget\" data-e-type=\"widget\" data-widget_type=\"button.default\">\n\t\t\t\t<div class=\"elementor-widget-container\">\n\t\t\t\t\t\t\t\t\t<div class=\"elementor-button-wrapper\">\n\t\t\t\t\t<a class=\"elementor-button elementor-button-link elementor-size-sm\" href=\"#elementor-action%3Aaction%3Dpopup%3Aopen%26settings%3DeyJpZCI6IjE0ODMiLCJ0b2dnbGUiOmZhbHNlfQ%3D%3D\">\n\t\t\t\t\t\t<span class=\"elementor-button-content-wrapper\">\n\t\t\t\t\t\t<span class=\"elementor-button-icon\">\n\t\t\t\t<svg xmlns=\"http:\/\/www.w3.org\/2000\/svg\" width=\"24\" height=\"24\" viewbox=\"0 0 24 24\" fill=\"none\"><path d=\"M7 17L17 7M17 7H7M17 7V17\" stroke=\"white\" stroke-width=\"2\" stroke-linecap=\"round\" stroke-linejoin=\"round\"><\/path><\/svg>\t\t\t<\/span>\n\t\t\t\t\t\t\t\t\t<span class=\"elementor-button-text\">Entrar a la comunidad<\/span>\n\t\t\t\t\t<\/span>\n\t\t\t\t\t<\/a>\n\t\t\t\t<\/div>\n\t\t\t\t\t\t\t\t<\/div>\n\t\t\t\t<\/div>\n\t\t\t\t<\/div>\n\t\t<div class=\"elementor-element elementor-element-ecac460 e-con-full e-flex e-con e-child\" data-id=\"ecac460\" data-element_type=\"container\" data-e-type=\"container\">\n\t\t\t\t<div class=\"elementor-element elementor-element-4aa702b elementor-widget elementor-widget-image\" data-id=\"4aa702b\" data-element_type=\"widget\" data-e-type=\"widget\" data-widget_type=\"image.default\">\n\t\t\t\t<div class=\"elementor-widget-container\">\n\t\t\t\t\t\t\t\t\t\t\t\t\t\t\t<img fetchpriority=\"high\" decoding=\"async\" width=\"560\" height=\"400\" src=\"https:\/\/nasaladochief.com\/wp-content\/uploads\/2025\/08\/Rectangle-3.jpg\" class=\"attachment-large size-large wp-image-552\" alt=\"\" srcset=\"https:\/\/nasaladochief.com\/wp-content\/uploads\/2025\/08\/Rectangle-3.jpg 560w, https:\/\/nasaladochief.com\/wp-content\/uploads\/2025\/08\/Rectangle-3-300x214.jpg 300w\" sizes=\"(max-width: 560px) 100vw, 560px\" \/>\t\t\t\t\t\t\t\t\t\t\t\t\t\t\t<\/div>\n\t\t\t\t<\/div>\n\t\t\t\t<div class=\"elementor-element elementor-element-f2a174a elementor-align-center elementor-mobile-align-center elementor-hidden-desktop elementor-hidden-tablet elementor-widget elementor-widget-button\" data-id=\"f2a174a\" data-element_type=\"widget\" data-e-type=\"widget\" data-widget_type=\"button.default\">\n\t\t\t\t<div class=\"elementor-widget-container\">\n\t\t\t\t\t\t\t\t\t<div class=\"elementor-button-wrapper\">\n\t\t\t\t\t<a class=\"elementor-button elementor-button-link elementor-size-sm\" href=\"#elementor-action%3Aaction%3Dpopup%3Aopen%26settings%3DeyJpZCI6IjE0ODMiLCJ0b2dnbGUiOmZhbHNlfQ%3D%3D\">\n\t\t\t\t\t\t<span class=\"elementor-button-content-wrapper\">\n\t\t\t\t\t\t<span class=\"elementor-button-icon\">\n\t\t\t\t<svg xmlns=\"http:\/\/www.w3.org\/2000\/svg\" width=\"24\" height=\"24\" viewbox=\"0 0 24 24\" fill=\"none\"><path d=\"M7 17L17 7M17 7H7M17 7V17\" stroke=\"white\" stroke-width=\"2\" stroke-linecap=\"round\" stroke-linejoin=\"round\"><\/path><\/svg>\t\t\t<\/span>\n\t\t\t\t\t\t\t\t\t<span class=\"elementor-button-text\">Entrar a la comunidad<\/span>\n\t\t\t\t\t<\/span>\n\t\t\t\t\t<\/a>\n\t\t\t\t<\/div>\n\t\t\t\t\t\t\t\t<\/div>\n\t\t\t\t<\/div>\n\t\t\t\t<\/div>\n\t\t\t\t<\/div>\n\t\t\t\t\t<\/div>\n\t\t\t\t<\/div>\n\t\t\t\t<\/div>\n\t\t<\/div>\n\t\t\t\t\t\t<\/div>\n\t\t\t\t<\/div>\n\t\t\t\t<\/div>\n\t\t\t\t<\/div>","protected":false},"excerpt":{"rendered":"<p>O que \u00e9 a CSA global A CSA (Chief of Staff Association) \u00e9 a principal comunidade global de executivos C-Level e Chiefs of Staff comprometidos com a excel\u00eancia em lideran\u00e7a e gest\u00e3o estrat\u00e9gica. Por meio de educa\u00e7\u00e3o de classe mundial, acolhimento ativo e programas reconhecidos internacionalmente, a CSA promove o desenvolvimento profissional cont\u00ednuo de seus [&hellip;]<\/p>","protected":false},"author":1,"featured_media":0,"parent":0,"menu_order":0,"comment_status":"closed","ping_status":"closed","template":"elementor_header_footer","meta":{"_acf_changed":false,"_joinchat":[],"footnotes":""},"class_list":["post-854","page","type-page","status-publish","hentry"],"acf":[],"_links":{"self":[{"href":"https:\/\/nasaladochief.com\/es\/wp-json\/wp\/v2\/pages\/854","targetHints":{"allow":["GET"]}}],"collection":[{"href":"https:\/\/nasaladochief.com\/es\/wp-json\/wp\/v2\/pages"}],"about":[{"href":"https:\/\/nasaladochief.com\/es\/wp-json\/wp\/v2\/types\/page"}],"author":[{"embeddable":true,"href":"https:\/\/nasaladochief.com\/es\/wp-json\/wp\/v2\/users\/1"}],"replies":[{"embeddable":true,"href":"https:\/\/nasaladochief.com\/es\/wp-json\/wp\/v2\/comments?post=854"}],"version-history":[{"count":52,"href":"https:\/\/nasaladochief.com\/es\/wp-json\/wp\/v2\/pages\/854\/revisions"}],"predecessor-version":[{"id":1953,"href":"https:\/\/nasaladochief.com\/es\/wp-json\/wp\/v2\/pages\/854\/revisions\/1953"}],"wp:attachment":[{"href":"https:\/\/nasaladochief.com\/es\/wp-json\/wp\/v2\/media?parent=854"}],"curies":[{"name":"wp","href":"https:\/\/api.w.org\/{rel}","templated":true}]}}