{"id":1749,"date":"2025-09-24T19:35:10","date_gmt":"2025-09-24T22:35:10","guid":{"rendered":"https:\/\/nasaladochief.com\/?page_id=1749"},"modified":"2025-09-24T20:34:52","modified_gmt":"2025-09-24T23:34:52","slug":"teste","status":"publish","type":"page","link":"https:\/\/nasaladochief.com\/es\/teste\/","title":{"rendered":"Teste"},"content":{"rendered":"<div data-elementor-type=\"wp-page\" data-elementor-id=\"1749\" class=\"elementor elementor-1749\" data-elementor-post-type=\"page\">\n\t\t\t\t<div class=\"elementor-element elementor-element-53b084c e-flex e-con-boxed e-con e-parent\" data-id=\"53b084c\" data-element_type=\"container\" data-e-type=\"container\">\n\t\t\t\t\t<div class=\"e-con-inner\">\n\t\t\t\t<div class=\"elementor-element elementor-element-db36d7f elementor-widget elementor-widget-new_post\" data-id=\"db36d7f\" data-element_type=\"widget\" data-e-type=\"widget\" data-widget_type=\"new_post.default\">\n\t\t\t\t<div class=\"elementor-widget-container\">\n\t\t\t\t\t\t\t\t<form data-id=\"form_68d47b2b43c88\" class=\"frontend-form -submit\" action=\"\" method=\"post\" novalidate=\"novalidate\" data-error-message=\"\" data-trp-original-action=\"\"> \r\n\t\t\t\t\t\t<div class=\"acf-form-data acf-hidden\">\r\n\t\t\t<input type=\"hidden\" name=\"_acf_screen\" value=\"fea_form\"\/><input type=\"hidden\" name=\"_acf_nonce\" value=\"6c537d6873\"\/><input type=\"hidden\" name=\"_acf_validation\" value=\"1\"\/><input type=\"hidden\" name=\"_acf_changed\" value=\"0\"\/><input type=\"hidden\" name=\"_acf_status\" value=\"\"\/><input type=\"hidden\" name=\"_acf_message\" value=\"\"\/><input type=\"hidden\" name=\"_acf_required_message\" value=\"\"\/><input type=\"hidden\" name=\"_acf_current_url\" value=\"https:\/\/nasaladochief.com\/es\/wp-json\/wp\/v2\/pages\/1749\"\/><input type=\"hidden\" name=\"_acf_taxonomy_type\" value=\"category\"\/><input type=\"hidden\" name=\"_acf_form\" value=\"form_68d47b2b43c88\"\/><input type=\"hidden\" name=\"_acf_referer_url\" value=\"https:\/\/nasaladochief.com\/es\/wp-json\/wp\/v2\/pages\/1749\"\/><input type=\"hidden\" name=\"_acf_objects\" value=\"L2hYNEd3ODZJV2wxODRxUDQycDdZV2tCcVdhOEQwVlBRTkZpN282bGNFeW53Z1drM1lMVkNkdnY2S3Bod1ZxWVlQbFFDYVRwcGpLWU1SUnpyUWU5c01zK3h1b291Uk5XUnk4WjVDU3NPb2ZnRG9TMllrcXF1TEorMjZEdFFxcDc6Oi++hMbAtJVKPzr3KRIv1P4=\"\/>\t\t\t<\/div>\r\n\t\t\t\t\t\t<div class=\"acf-fields acf-form-fields -top\">\t\t\t\t  \r\n\t\t\t<div class=\"acf-field acf-field-text acf-field--validate-email acf-hidden\" style=\"display:none !important\" data-name=\"_validate_email\" data-type=\"text\" data-key=\"_validate_email\"><div  class=\"acf-label\"><\/div><div class=\"acf-input\"><div class=\"acf-input-wrap\"><input type=\"text\" id=\"acff-_validate_email\" name=\"acff[_validate_email]\"\/><\/div><\/div><\/div><div class=\"acf-field acf-field-text acf-field-68d47ea96c63b\" data-name=\"fea_post_title\" data-type=\"text\" data-key=\"field_68d47ea96c63b\"><div  class=\"acf-label\"><label for=\"acff-post-field_68d47ea96c63b\">Nome da Vaga<\/label><\/div><div class=\"acf-input\"><div class=\"acf-input-wrap\"><input type=\"text\" id=\"acff-post-field_68d47ea96c63b\" name=\"acff[post][field_68d47ea96c63b]\"\/><\/div><\/div><\/div><div class=\"acf-field acf-field-text acf-field-68b85cbf6a3bf\" data-name=\"area_de_atuacao_da_vaga\" data-type=\"text\" data-key=\"field_68b85cbf6a3bf\"><div  class=\"acf-label\"><label for=\"acff-submission-field_68b85cbf6a3bf\">\u00c1rea de atua\u00e7\u00e3o da vaga<\/label><\/div><div class=\"acf-input\"><div class=\"acf-input-wrap\"><input type=\"text\" id=\"acff-submission-field_68b85cbf6a3bf\" name=\"acff[submission][field_68b85cbf6a3bf]\"\/><\/div><\/div><\/div><div class=\"acf-field acf-field-text acf-field-68b85ce06a3c0\" data-name=\"local_de_trabalho\" data-type=\"text\" data-key=\"field_68b85ce06a3c0\"><div  class=\"acf-label\"><label for=\"acff-submission-field_68b85ce06a3c0\">Local de trabalho<\/label><\/div><div class=\"acf-input\"><div class=\"acf-input-wrap\"><input type=\"text\" id=\"acff-submission-field_68b85ce06a3c0\" name=\"acff[submission][field_68b85ce06a3c0]\" value=\"Presencial\/home office\"\/><\/div><\/div><\/div><div class=\"acf-field acf-field-text acf-field-68b85d3e6a3c1\" data-name=\"localizacao_da_empresa\" data-type=\"text\" data-key=\"field_68b85d3e6a3c1\"><div  class=\"acf-label\"><label for=\"acff-submission-field_68b85d3e6a3c1\">Localiza\u00e7\u00e3o da empresa<\/label><\/div><div class=\"acf-input\"><div class=\"acf-input-wrap\"><input type=\"text\" id=\"acff-submission-field_68b85d3e6a3c1\" name=\"acff[submission][field_68b85d3e6a3c1]\" value=\"Cidade...\"\/><\/div><\/div><\/div><div class=\"acf-field acf-field-wysiwyg acf-field-68b85d596a3c3\" data-name=\"texto_sobre_a_empresa\" data-type=\"wysiwyg\" data-key=\"field_68b85d596a3c3\"><div  class=\"acf-label\"><label for=\"acff-submission-field_68b85d596a3c3\">Texto Sobre a empresa<\/label><\/div><div class=\"acf-input\">\t\t<div id=\"wp-acf-editor-69e16a493f2c6-wrap\" class=\"acf-editor-wrap wp-core-ui wp-editor-wrap tmce-active\" data-toolbar=\"full\">\n\t\t\t<div id=\"wp-acf-editor-69e16a493f2c6-editor-tools\" class=\"wp-editor-tools hide-if-no-js\">\n\t\t\t\t\t\t\t\t\t\t\t\t\t\t<div class=\"wp-editor-tabs\">\n\t\t\t\t\t\t<button id=\"acf-editor-69e16a493f2c6-tmce\" class=\"wp-switch-editor switch-tmce\" data-wp-editor-id=\"acf-editor-69e16a493f2c6\" type=\"button\">Visual<\/button>\n\t\t\t\t\t\t<button id=\"acf-editor-69e16a493f2c6-html\" class=\"wp-switch-editor switch-html\" data-wp-editor-id=\"acf-editor-69e16a493f2c6\" type=\"button\">Texto<\/button>\n\t\t\t\t\t<\/div>\n\t\t\t\t\t\t\t<\/div>\n\t\t\t<div id=\"wp-acf-editor-69e16a493f2c6-editor-container\" class=\"wp-editor-container\">\n\t\t\t\t\t\t\t\t\t\t<textarea id=\"acf-editor-69e16a493f2c6\" class=\"wp-editor-area\" name=\"acff[submission][field_68b85d596a3c3]\" style=\"height:300px;\"><\/textarea>\t\t\t<\/div>\n\t\t<\/div>\n\t\t\t<\/div><\/div><div class=\"acf-field acf-field-wysiwyg acf-field-68b85d726a3c5\" data-name=\"texto_sobre_a_vaga\" data-type=\"wysiwyg\" data-key=\"field_68b85d726a3c5\"><div  class=\"acf-label\"><label for=\"acff-submission-field_68b85d726a3c5\">Texto Sobre a vaga<\/label><\/div><div class=\"acf-input\">\t\t<div id=\"wp-acf-editor-69e16a493f362-wrap\" class=\"acf-editor-wrap wp-core-ui wp-editor-wrap tmce-active\" data-toolbar=\"full\">\n\t\t\t<div id=\"wp-acf-editor-69e16a493f362-editor-tools\" class=\"wp-editor-tools hide-if-no-js\">\n\t\t\t\t\t\t\t\t\t\t\t\t\t\t<div class=\"wp-editor-tabs\">\n\t\t\t\t\t\t<button id=\"acf-editor-69e16a493f362-tmce\" class=\"wp-switch-editor switch-tmce\" data-wp-editor-id=\"acf-editor-69e16a493f362\" type=\"button\">Visual<\/button>\n\t\t\t\t\t\t<button id=\"acf-editor-69e16a493f362-html\" class=\"wp-switch-editor switch-html\" data-wp-editor-id=\"acf-editor-69e16a493f362\" type=\"button\">Texto<\/button>\n\t\t\t\t\t<\/div>\n\t\t\t\t\t\t\t<\/div>\n\t\t\t<div id=\"wp-acf-editor-69e16a493f362-editor-container\" class=\"wp-editor-container\">\n\t\t\t\t\t\t\t\t\t\t<textarea id=\"acf-editor-69e16a493f362\" class=\"wp-editor-area\" name=\"acff[submission][field_68b85d726a3c5]\" style=\"height:300px;\"><\/textarea>\t\t\t<\/div>\n\t\t<\/div>\n\t\t\t<\/div><\/div><div class=\"acf-field acf-field-wysiwyg acf-field-68b85d796a3c7\" data-name=\"texto_-_responsabilidades_e_atribuicoes\" data-type=\"wysiwyg\" data-key=\"field_68b85d796a3c7\"><div  class=\"acf-label\"><label for=\"acff-submission-field_68b85d796a3c7\">Texto - Responsabilidades e atribui\u00e7\u00f5es<\/label><\/div><div class=\"acf-input\">\t\t<div id=\"wp-acf-editor-69e16a493f3b9-wrap\" class=\"acf-editor-wrap wp-core-ui wp-editor-wrap tmce-active\" data-toolbar=\"full\">\n\t\t\t<div id=\"wp-acf-editor-69e16a493f3b9-editor-tools\" class=\"wp-editor-tools hide-if-no-js\">\n\t\t\t\t\t\t\t\t\t\t\t\t\t\t<div class=\"wp-editor-tabs\">\n\t\t\t\t\t\t<button id=\"acf-editor-69e16a493f3b9-tmce\" class=\"wp-switch-editor switch-tmce\" data-wp-editor-id=\"acf-editor-69e16a493f3b9\" type=\"button\">Visual<\/button>\n\t\t\t\t\t\t<button id=\"acf-editor-69e16a493f3b9-html\" class=\"wp-switch-editor switch-html\" data-wp-editor-id=\"acf-editor-69e16a493f3b9\" type=\"button\">Texto<\/button>\n\t\t\t\t\t<\/div>\n\t\t\t\t\t\t\t<\/div>\n\t\t\t<div id=\"wp-acf-editor-69e16a493f3b9-editor-container\" class=\"wp-editor-container\">\n\t\t\t\t\t\t\t\t\t\t<textarea id=\"acf-editor-69e16a493f3b9\" class=\"wp-editor-area\" name=\"acff[submission][field_68b85d796a3c7]\" style=\"height:300px;\"><\/textarea>\t\t\t<\/div>\n\t\t<\/div>\n\t\t\t<\/div><\/div><div class=\"acf-field acf-field-wysiwyg acf-field-68b85d8b6a3c9\" data-name=\"texto_-_requisitos_e_qualificacoes\" data-type=\"wysiwyg\" data-key=\"field_68b85d8b6a3c9\"><div  class=\"acf-label\"><label for=\"acff-submission-field_68b85d8b6a3c9\">Texto - Requisitos e qualifica\u00e7\u00f5es<\/label><\/div><div class=\"acf-input\">\t\t<div id=\"wp-acf-editor-69e16a493f403-wrap\" class=\"acf-editor-wrap wp-core-ui wp-editor-wrap tmce-active\" data-toolbar=\"full\">\n\t\t\t<div id=\"wp-acf-editor-69e16a493f403-editor-tools\" class=\"wp-editor-tools hide-if-no-js\">\n\t\t\t\t\t\t\t\t\t\t\t\t\t\t<div class=\"wp-editor-tabs\">\n\t\t\t\t\t\t<button id=\"acf-editor-69e16a493f403-tmce\" class=\"wp-switch-editor switch-tmce\" data-wp-editor-id=\"acf-editor-69e16a493f403\" type=\"button\">Visual<\/button>\n\t\t\t\t\t\t<button id=\"acf-editor-69e16a493f403-html\" class=\"wp-switch-editor switch-html\" data-wp-editor-id=\"acf-editor-69e16a493f403\" type=\"button\">Texto<\/button>\n\t\t\t\t\t<\/div>\n\t\t\t\t\t\t\t<\/div>\n\t\t\t<div id=\"wp-acf-editor-69e16a493f403-editor-container\" class=\"wp-editor-container\">\n\t\t\t\t\t\t\t\t\t\t<textarea id=\"acf-editor-69e16a493f403\" class=\"wp-editor-area\" name=\"acff[submission][field_68b85d8b6a3c9]\" style=\"height:300px;\"><\/textarea>\t\t\t<\/div>\n\t\t<\/div>\n\t\t\t<\/div><\/div><div class=\"acf-field acf-field-wysiwyg acf-field-68b85d8f6a3ca\" data-name=\"texto_-_informacoes_adicionais\" data-type=\"wysiwyg\" data-key=\"field_68b85d8f6a3ca\"><div  class=\"acf-label\"><label for=\"acff-submission-field_68b85d8f6a3ca\">Texto - Informa\u00e7\u00f5es adicionais<\/label><\/div><div class=\"acf-input\">\t\t<div id=\"wp-acf-editor-69e16a493f456-wrap\" class=\"acf-editor-wrap wp-core-ui wp-editor-wrap tmce-active\" data-toolbar=\"full\">\n\t\t\t<div id=\"wp-acf-editor-69e16a493f456-editor-tools\" class=\"wp-editor-tools hide-if-no-js\">\n\t\t\t\t\t\t\t\t\t\t\t\t\t\t<div class=\"wp-editor-tabs\">\n\t\t\t\t\t\t<button id=\"acf-editor-69e16a493f456-tmce\" class=\"wp-switch-editor switch-tmce\" data-wp-editor-id=\"acf-editor-69e16a493f456\" type=\"button\">Visual<\/button>\n\t\t\t\t\t\t<button id=\"acf-editor-69e16a493f456-html\" class=\"wp-switch-editor switch-html\" data-wp-editor-id=\"acf-editor-69e16a493f456\" type=\"button\">Texto<\/button>\n\t\t\t\t\t<\/div>\n\t\t\t\t\t\t\t<\/div>\n\t\t\t<div id=\"wp-acf-editor-69e16a493f456-editor-container\" class=\"wp-editor-container\">\n\t\t\t\t\t\t\t\t\t\t<textarea id=\"acf-editor-69e16a493f456\" class=\"wp-editor-area\" name=\"acff[submission][field_68b85d8f6a3ca]\" style=\"height:300px;\"><\/textarea>\t\t\t<\/div>\n\t\t<\/div>\n\t\t\t<\/div><\/div><div class=\"acf-field acf-field-email acf-field-68b85e026a3cc\" data-name=\"e-mail_para_receber_as_respostas_referentes_a_vaga\" data-type=\"email\" data-key=\"field_68b85e026a3cc\"><div  class=\"acf-label\"><label for=\"acff-submission-field_68b85e026a3cc\">E-mail para receber as respostas referentes a vaga<\/label><\/div><div class=\"acf-input\"><div class=\"acf-input-wrap\"><input type=\"email\" id=\"acff-submission-field_68b85e026a3cc\" name=\"acff[submission][field_68b85e026a3cc]\"\/><\/div><\/div><\/div><div class=\"acf-field acf-field-related-terms acf-field-68e062206316e\" data-name=\"Categoria_da_vaga\" data-type=\"related_terms\" data-key=\"field_68e062206316e\"><div  class=\"acf-label\"><label for=\"acff-submission-field_68e062206316e\">Categoria da Vaga<\/label><\/div><div class=\"acf-input\"><div class=\"acf-related-terms-field\" data-save=\"0\" data-ftype=\"multi_select\" data-taxonomy=\"categoria-vaga\" data-allow_null=\"0\">\r\n\t\t\t<input type=\"hidden\" id=\"acff-submission-field_68e062206316e-input\" name=\"acff[submission][field_68e062206316e]\"\/><select id=\"acff-submission-field_68e062206316e\" class=\"\" name=\"acff[submission][field_68e062206316e][]\" data-ui=\"1\" data-ajax=\"1\" data-multiple=\"1\" data-placeholder=\"Selecciona\" data-allow_null=\"0\" multiple=\"multiple\" size=\"1\" data-nonce=\"d526fd7c5b\"><\/select>\t\t\t<\/div>\r\n\t\t\t<\/div><\/div><div class=\"acf-field acf-field-submit-button acf-field-68d47cd1eb2a6\" data-type=\"submit_button\" data-key=\"field_68d47cd1eb2a6\"><div class=\"acf-input\"><button type=\"button\" class=\"fea-submit-button button button-primary\" data-state=\"submit\" data-success=\"\" data-redirect=\"\">Submit<\/button><\/div><\/div>\t\t\t<\/div>\r\n\t\t\t<input type=\"hidden\" name=\"trp-form-language\" value=\"es\"\/><\/form>\r\n\t\t\t\t\t\t\t<\/div>\n\t\t\t\t<\/div>\n\t\t\t\t\t<\/div>\n\t\t\t\t<\/div>\n\t\t\t\t<\/div>","protected":false},"excerpt":{"rendered":"<p>Nome da VagaNome da empresa\u00c1rea de atua\u00e7\u00e3o da vagaLocal de trabalhoLocaliza\u00e7\u00e3o da empresaTexto Sobre a empresa Adicionar m\u00eddia Visual Texto Texto Sobre a vaga Adicionar m\u00eddia Visual Texto Texto &#8211; Responsabilidades e atribui\u00e7\u00f5es Adicionar m\u00eddia Visual Texto Texto &#8211; Requisitos e qualifica\u00e7\u00f5es Adicionar m\u00eddia Visual Texto Texto &#8211; Informa\u00e7\u00f5es adicionais Adicionar m\u00eddia Visual Texto E-mail [&hellip;]<\/p>","protected":false},"author":1,"featured_media":0,"parent":0,"menu_order":0,"comment_status":"closed","ping_status":"closed","template":"","meta":{"_acf_changed":false,"_joinchat":[],"footnotes":""},"class_list":["post-1749","page","type-page","status-publish","hentry"],"acf":[],"_links":{"self":[{"href":"https:\/\/nasaladochief.com\/es\/wp-json\/wp\/v2\/pages\/1749","targetHints":{"allow":["GET"]}}],"collection":[{"href":"https:\/\/nasaladochief.com\/es\/wp-json\/wp\/v2\/pages"}],"about":[{"href":"https:\/\/nasaladochief.com\/es\/wp-json\/wp\/v2\/types\/page"}],"author":[{"embeddable":true,"href":"https:\/\/nasaladochief.com\/es\/wp-json\/wp\/v2\/users\/1"}],"replies":[{"embeddable":true,"href":"https:\/\/nasaladochief.com\/es\/wp-json\/wp\/v2\/comments?post=1749"}],"version-history":[{"count":22,"href":"https:\/\/nasaladochief.com\/es\/wp-json\/wp\/v2\/pages\/1749\/revisions"}],"predecessor-version":[{"id":1792,"href":"https:\/\/nasaladochief.com\/es\/wp-json\/wp\/v2\/pages\/1749\/revisions\/1792"}],"wp:attachment":[{"href":"https:\/\/nasaladochief.com\/es\/wp-json\/wp\/v2\/media?parent=1749"}],"curies":[{"name":"wp","href":"https:\/\/api.w.org\/{rel}","templated":true}]}}