{"id":1058,"date":"2025-09-01T21:04:03","date_gmt":"2025-09-01T21:04:03","guid":{"rendered":"https:\/\/nasaladochief.com\/?page_id=1058"},"modified":"2025-09-24T16:37:35","modified_gmt":"2025-09-24T19:37:35","slug":"politica-de-cookies","status":"publish","type":"page","link":"https:\/\/nasaladochief.com\/es\/politica-de-cookies\/","title":{"rendered":"Pol\u00edtica de Cookies"},"content":{"rendered":"<div data-elementor-type=\"wp-page\" data-elementor-id=\"1058\" class=\"elementor elementor-1058\" data-elementor-post-type=\"page\">\n\t\t\t\t<div class=\"elementor-element elementor-element-ed53097 e-flex e-con-boxed e-con e-parent\" data-id=\"ed53097\" data-element_type=\"container\" data-e-type=\"container\">\n\t\t\t\t\t<div class=\"e-con-inner\">\n\t\t\t\t<div class=\"elementor-element elementor-element-ab876d9 elementor-widget elementor-widget-heading\" data-id=\"ab876d9\" data-element_type=\"widget\" data-e-type=\"widget\" data-widget_type=\"heading.default\">\n\t\t\t\t<div class=\"elementor-widget-container\">\n\t\t\t\t\t<h2 class=\"elementor-heading-title elementor-size-default\">Pol\u00edtica de Cookies<\/h2>\t\t\t\t<\/div>\n\t\t\t\t<\/div>\n\t\t\t\t<div class=\"elementor-element elementor-element-442b760 elementor-widget elementor-widget-text-editor\" data-id=\"442b760\" data-element_type=\"widget\" data-e-type=\"widget\" data-widget_type=\"text-editor.default\">\n\t\t\t\t<div class=\"elementor-widget-container\">\n\t\t\t\t\t\t\t\t\t<p data-start=\"2197\" data-end=\"2359\">Este site utiliza cookies para melhorar sua experi\u00eancia de navega\u00e7\u00e3o. Ao continuar usando o site, voc\u00ea concorda com o uso destes cookies conforme descrito abaixo.<\/p><p data-start=\"2361\" data-end=\"2574\"><strong data-start=\"2361\" data-end=\"2386\">1. O que s\u00e3o cookies?<\/strong><br data-start=\"2386\" data-end=\"2389\" \/>Cookies s\u00e3o pequenos arquivos de texto armazenados no seu dispositivo quando voc\u00ea visita um site. Eles ajudam a lembrar suas prefer\u00eancias e a entender como voc\u00ea interage com o conte\u00fado.<\/p><p data-start=\"2576\" data-end=\"2609\"><strong data-start=\"2576\" data-end=\"2607\">2. Tipos de cookies usados:<\/strong><\/p><ul data-start=\"2610\" data-end=\"2927\"><li data-start=\"2610\" data-end=\"2693\"><p data-start=\"2612\" data-end=\"2693\"><strong data-start=\"2612\" data-end=\"2626\">Essenciais<\/strong>: Necess\u00e1rios para o funcionamento do site (ex: login, seguran\u00e7a)<\/p><\/li><li data-start=\"2694\" data-end=\"2789\"><p data-start=\"2696\" data-end=\"2789\"><strong data-start=\"2696\" data-end=\"2710\">Anal\u00edticos<\/strong>: Usados para entender como os visitantes usam o site e melhorar o desempenho<\/p><\/li><li data-start=\"2790\" data-end=\"2856\"><p data-start=\"2792\" data-end=\"2856\"><strong data-start=\"2792\" data-end=\"2806\">Funcionais<\/strong>: Guardam prefer\u00eancias como idioma e localiza\u00e7\u00e3o<\/p><\/li><li data-start=\"2857\" data-end=\"2927\"><p data-start=\"2859\" data-end=\"2927\"><strong data-start=\"2859\" data-end=\"2872\">Marketing<\/strong>: Utilizados para personalizar an\u00fancios, se aplic\u00e1vel<\/p><\/li><\/ul><p data-start=\"2929\" data-end=\"3106\"><strong data-start=\"2929\" data-end=\"2960\">3. Gerenciamento de cookies<\/strong><br data-start=\"2960\" data-end=\"2963\" \/>Voc\u00ea pode, a qualquer momento, configurar seu navegador para recusar ou excluir cookies. No entanto, isso pode afetar a funcionalidade do site.<\/p><p data-start=\"3108\" data-end=\"3315\"><strong data-start=\"3108\" data-end=\"3135\">4. Cookies de terceiros<\/strong><br data-start=\"3135\" data-end=\"3138\" \/>Podemos utilizar ferramentas de terceiros (ex: Google Analytics, redes sociais) que tamb\u00e9m utilizam cookies. Esses servi\u00e7os possuem pol\u00edticas pr\u00f3prias de privacidade e controle.<\/p>\t\t\t\t\t\t\t\t<\/div>\n\t\t\t\t<\/div>\n\t\t\t\t\t<\/div>\n\t\t\t\t<\/div>\n\t\t\t\t<\/div>","protected":false},"excerpt":{"rendered":"<p>Pol\u00edtica de Cookies Este site utiliza cookies para melhorar sua experi\u00eancia de navega\u00e7\u00e3o. Ao continuar usando o site, voc\u00ea concorda com o uso destes cookies conforme descrito abaixo. 1. O que s\u00e3o cookies?Cookies s\u00e3o pequenos arquivos de texto armazenados no seu dispositivo quando voc\u00ea visita um site. Eles ajudam a lembrar suas prefer\u00eancias e a [&hellip;]<\/p>","protected":false},"author":1,"featured_media":0,"parent":0,"menu_order":0,"comment_status":"closed","ping_status":"closed","template":"","meta":{"_acf_changed":false,"_joinchat":[],"footnotes":""},"class_list":["post-1058","page","type-page","status-publish","hentry"],"acf":[],"_links":{"self":[{"href":"https:\/\/nasaladochief.com\/es\/wp-json\/wp\/v2\/pages\/1058","targetHints":{"allow":["GET"]}}],"collection":[{"href":"https:\/\/nasaladochief.com\/es\/wp-json\/wp\/v2\/pages"}],"about":[{"href":"https:\/\/nasaladochief.com\/es\/wp-json\/wp\/v2\/types\/page"}],"author":[{"embeddable":true,"href":"https:\/\/nasaladochief.com\/es\/wp-json\/wp\/v2\/users\/1"}],"replies":[{"embeddable":true,"href":"https:\/\/nasaladochief.com\/es\/wp-json\/wp\/v2\/comments?post=1058"}],"version-history":[{"count":4,"href":"https:\/\/nasaladochief.com\/es\/wp-json\/wp\/v2\/pages\/1058\/revisions"}],"predecessor-version":[{"id":1737,"href":"https:\/\/nasaladochief.com\/es\/wp-json\/wp\/v2\/pages\/1058\/revisions\/1737"}],"wp:attachment":[{"href":"https:\/\/nasaladochief.com\/es\/wp-json\/wp\/v2\/media?parent=1058"}],"curies":[{"name":"wp","href":"https:\/\/api.w.org\/{rel}","templated":true}]}}