{"id":1056,"date":"2025-09-01T21:03:50","date_gmt":"2025-09-01T21:03:50","guid":{"rendered":"https:\/\/nasaladochief.com\/?page_id=1056"},"modified":"2025-09-24T16:38:16","modified_gmt":"2025-09-24T19:38:16","slug":"termos-de-uso","status":"publish","type":"page","link":"https:\/\/nasaladochief.com\/en\/termos-de-uso\/","title":{"rendered":"Terms of Use"},"content":{"rendered":"<div data-elementor-type=\"wp-page\" data-elementor-id=\"1056\" class=\"elementor elementor-1056\" data-elementor-post-type=\"page\">\n\t\t\t\t<div class=\"elementor-element elementor-element-f86a2a0 e-flex e-con-boxed e-con e-parent\" data-id=\"f86a2a0\" data-element_type=\"container\" data-e-type=\"container\">\n\t\t\t\t\t<div class=\"e-con-inner\">\n\t\t\t\t<div class=\"elementor-element elementor-element-8d4fac9 elementor-widget elementor-widget-heading\" data-id=\"8d4fac9\" data-element_type=\"widget\" data-e-type=\"widget\" data-widget_type=\"heading.default\">\n\t\t\t\t<div class=\"elementor-widget-container\">\n\t\t\t\t\t<h2 class=\"elementor-heading-title elementor-size-default\">Terms of Use<\/h2>\t\t\t\t<\/div>\n\t\t\t\t<\/div>\n\t\t\t\t<div class=\"elementor-element elementor-element-3f72641 elementor-widget elementor-widget-text-editor\" data-id=\"3f72641\" data-element_type=\"widget\" data-e-type=\"widget\" data-widget_type=\"text-editor.default\">\n\t\t\t\t<div class=\"elementor-widget-container\">\n\t\t\t\t\t\t\t\t\t<p data-start=\"3344\" data-end=\"3443\">Ao acessar e utilizar o site <em data-start=\"3373\" data-end=\"3391\">Na Sala do Chief<\/em>, voc\u00ea concorda com os seguintes termos e condi\u00e7\u00f5es:<\/p><p data-start=\"3445\" data-end=\"3730\"><strong data-start=\"3445\" data-end=\"3467\">1. Uso do conte\u00fado<\/strong><br data-start=\"3467\" data-end=\"3470\" \/>Todo o conte\u00fado dispon\u00edvel no site, incluindo textos, v\u00eddeos, imagens e logotipo, \u00e9 protegido por direitos autorais e de propriedade intelectual. A reprodu\u00e7\u00e3o, distribui\u00e7\u00e3o ou uso comercial n\u00e3o autorizado \u00e9 proibida, salvo com autoriza\u00e7\u00e3o pr\u00e9via e por escrito.<\/p><p data-start=\"3732\" data-end=\"3917\"><strong data-start=\"3732\" data-end=\"3753\">2. Acesso ao site<\/strong><br data-start=\"3753\" data-end=\"3756\" \/>Nos esfor\u00e7amos para manter o site sempre dispon\u00edvel e funcional, mas n\u00e3o nos responsabilizamos por eventuais interrup\u00e7\u00f5es, erros t\u00e9cnicos ou falhas de terceiros.<\/p><p data-start=\"3919\" data-end=\"3996\"><strong data-start=\"3919\" data-end=\"3954\">3. Responsabilidades do usu\u00e1rio<\/strong><br data-start=\"3954\" data-end=\"3957\" \/>Ao utilizar o site, voc\u00ea concorda em:<\/p><ul data-start=\"3997\" data-end=\"4189\"><li data-start=\"3997\" data-end=\"4031\"><p data-start=\"3999\" data-end=\"4031\">N\u00e3o violar nenhuma lei vigente<\/p><\/li><li data-start=\"4032\" data-end=\"4096\"><p data-start=\"4034\" data-end=\"4096\">N\u00e3o inserir ou transmitir conte\u00fado ofensivo, falso ou ilegal<\/p><\/li><li data-start=\"4097\" data-end=\"4189\"><p data-start=\"4099\" data-end=\"4189\">N\u00e3o tentar acessar \u00e1reas restritas ou modificar qualquer parte do site de forma indevida<\/p><\/li><\/ul><p data-start=\"4191\" data-end=\"4351\"><strong data-start=\"4191\" data-end=\"4212\">4. Links externos<\/strong><br data-start=\"4212\" data-end=\"4215\" \/>Este site pode conter links para outros sites. N\u00e3o nos responsabilizamos pelo conte\u00fado ou pr\u00e1ticas de privacidade desses sites externos.<\/p><p data-start=\"4353\" data-end=\"4521\"><strong data-start=\"4353\" data-end=\"4381\">5. Altera\u00e7\u00f5es nos termos<\/strong><br data-start=\"4381\" data-end=\"4384\" \/>Estes termos podem ser atualizados a qualquer momento. O uso cont\u00ednuo do site ap\u00f3s mudan\u00e7as indica que voc\u00ea concorda com os novos termos.<\/p><p data-start=\"4523\" data-end=\"4689\"><strong data-start=\"4523\" data-end=\"4550\">6. Legisla\u00e7\u00e3o aplic\u00e1vel<\/strong><br data-start=\"4550\" data-end=\"4553\" \/>Este site opera em conformidade com as leis brasileiras, especialmente a <strong data-start=\"4626\" data-end=\"4688\">Lei Geral de Prote\u00e7\u00e3o de Dados (LGPD \u2013 Lei n\u00ba 13.709\/2018)<\/strong>.<\/p>\t\t\t\t\t\t\t\t<\/div>\n\t\t\t\t<\/div>\n\t\t\t\t\t<\/div>\n\t\t\t\t<\/div>\n\t\t\t\t<\/div>","protected":false},"excerpt":{"rendered":"<p>Termos de Uso Ao acessar e utilizar o site Na Sala do Chief, voc\u00ea concorda com os seguintes termos e condi\u00e7\u00f5es: 1. Uso do conte\u00fadoTodo o conte\u00fado dispon\u00edvel no site, incluindo textos, v\u00eddeos, imagens e logotipo, \u00e9 protegido por direitos autorais e de propriedade intelectual. A reprodu\u00e7\u00e3o, distribui\u00e7\u00e3o ou uso comercial n\u00e3o autorizado \u00e9 proibida, [&hellip;]<\/p>","protected":false},"author":1,"featured_media":0,"parent":0,"menu_order":0,"comment_status":"closed","ping_status":"closed","template":"","meta":{"_acf_changed":false,"_joinchat":[],"footnotes":""},"class_list":["post-1056","page","type-page","status-publish","hentry"],"acf":[],"_links":{"self":[{"href":"https:\/\/nasaladochief.com\/en\/wp-json\/wp\/v2\/pages\/1056","targetHints":{"allow":["GET"]}}],"collection":[{"href":"https:\/\/nasaladochief.com\/en\/wp-json\/wp\/v2\/pages"}],"about":[{"href":"https:\/\/nasaladochief.com\/en\/wp-json\/wp\/v2\/types\/page"}],"author":[{"embeddable":true,"href":"https:\/\/nasaladochief.com\/en\/wp-json\/wp\/v2\/users\/1"}],"replies":[{"embeddable":true,"href":"https:\/\/nasaladochief.com\/en\/wp-json\/wp\/v2\/comments?post=1056"}],"version-history":[{"count":4,"href":"https:\/\/nasaladochief.com\/en\/wp-json\/wp\/v2\/pages\/1056\/revisions"}],"predecessor-version":[{"id":1740,"href":"https:\/\/nasaladochief.com\/en\/wp-json\/wp\/v2\/pages\/1056\/revisions\/1740"}],"wp:attachment":[{"href":"https:\/\/nasaladochief.com\/en\/wp-json\/wp\/v2\/media?parent=1056"}],"curies":[{"name":"wp","href":"https:\/\/api.w.org\/{rel}","templated":true}]}}